{"id":20391,"date":"2023-02-15T12:14:27","date_gmt":"2023-02-15T12:14:27","guid":{"rendered":"https:\/\/bold-espresso.com\/?page_id=20391"},"modified":"2023-02-15T14:12:17","modified_gmt":"2023-02-15T14:12:17","slug":"capsulas-de-cafe-blend-bold-colombia","status":"publish","type":"page","link":"https:\/\/bold-espresso.com\/en\/capsulas-de-cafe-blend-bold-colombia\/","title":{"rendered":"BLENDS &#8211; Col\u00f4mbia"},"content":{"rendered":"<div data-elementor-type=\"wp-page\" data-elementor-id=\"20391\" class=\"elementor elementor-20391\">\n\t\t\t\t\t\t<div class=\"elementor-inner\">\n\t\t\t\t<div class=\"elementor-section-wrap\">\n\t\t\t\t\t\t\t\t\t<section class=\"lte-background-black elementor-section elementor-top-section elementor-element elementor-element-ee12b36 lte-background-black elementor-section-height-min-height elementor-section-boxed elementor-section-height-default elementor-section-items-middle\" data-id=\"ee12b36\" data-element_type=\"section\" data-settings=\"{&quot;background_background&quot;:&quot;classic&quot;}\">\n\t\t\t\t\t\t<div class=\"elementor-container elementor-column-gap-default\">\n\t\t\t\t\t\t\t<div class=\"elementor-row\">\n\t\t\t\t\t<div class=\"elementor-column elementor-col-100 elementor-top-column elementor-element elementor-element-8cf5bd0\" data-id=\"8cf5bd0\" data-element_type=\"column\">\n\t\t\t<div class=\"elementor-column-wrap elementor-element-populated\">\n\t\t\t\t\t\t\t<div class=\"elementor-widget-wrap\">\n\t\t\t\t\t\t<section class=\"elementor-section elementor-inner-section elementor-element elementor-element-9dc9081 lte-moto-row max-1400 elementor-section-full_width elementor-section-height-default elementor-section-height-default\" data-id=\"9dc9081\" data-element_type=\"section\" data-settings=\"{&quot;background_background&quot;:&quot;classic&quot;}\">\n\t\t\t\t\t\t<div class=\"elementor-container elementor-column-gap-default\">\n\t\t\t\t\t\t\t<div class=\"elementor-row\">\n\t\t\t\t\t<div class=\"elementor-column elementor-col-100 elementor-inner-column elementor-element elementor-element-453a74e\" data-id=\"453a74e\" data-element_type=\"column\">\n\t\t\t<div class=\"elementor-column-wrap elementor-element-populated\">\n\t\t\t\t\t\t\t<div class=\"elementor-widget-wrap\">\n\t\t\t\t\t\t<div class=\"elementor-element elementor-element-7172929 elementor-hidden-tablet elementor-hidden-mobile elementor-widget elementor-widget-spacer\" data-id=\"7172929\" data-element_type=\"widget\" data-widget_type=\"spacer.default\">\n\t\t\t\t<div class=\"elementor-widget-container\">\n\t\t\t<style>\/*! elementor - v3.10.0 - 09-01-2023 *\/\n.elementor-column .elementor-spacer-inner{height:var(--spacer-size)}.e-con{--container-widget-width:100%}.e-con-inner>.elementor-widget-spacer,.e-con>.elementor-widget-spacer{width:var(--container-widget-width,var(--spacer-size));--align-self:var(--container-widget-align-self,initial);--flex-shrink:0}.e-con-inner>.elementor-widget-spacer>.elementor-widget-container,.e-con-inner>.elementor-widget-spacer>.elementor-widget-container>.elementor-spacer,.e-con>.elementor-widget-spacer>.elementor-widget-container,.e-con>.elementor-widget-spacer>.elementor-widget-container>.elementor-spacer{height:100%}.e-con-inner>.elementor-widget-spacer>.elementor-widget-container>.elementor-spacer>.elementor-spacer-inner,.e-con>.elementor-widget-spacer>.elementor-widget-container>.elementor-spacer>.elementor-spacer-inner{height:var(--container-widget-height,var(--spacer-size))}<\/style>\t\t<div class=\"elementor-spacer\">\n\t\t\t<div class=\"elementor-spacer-inner\"><\/div>\n\t\t<\/div>\n\t\t\t\t<\/div>\n\t\t\t\t<\/div>\n\t\t\t\t\t\t<\/div>\n\t\t\t\t\t<\/div>\n\t\t<\/div>\n\t\t\t\t\t\t\t\t<\/div>\n\t\t\t\t\t<\/div>\n\t\t<\/section>\n\t\t\t\t<section class=\"elementor-section elementor-inner-section elementor-element elementor-element-52b72e1 lte-moto-row max-1400 elementor-section-full_width elementor-section-height-default elementor-section-height-default\" data-id=\"52b72e1\" data-element_type=\"section\" data-settings=\"{&quot;background_background&quot;:&quot;classic&quot;}\">\n\t\t\t\t\t\t<div class=\"elementor-container elementor-column-gap-default\">\n\t\t\t\t\t\t\t<div class=\"elementor-row\">\n\t\t\t\t\t<div class=\"elementor-column elementor-col-50 elementor-inner-column elementor-element elementor-element-573a802\" data-id=\"573a802\" data-element_type=\"column\">\n\t\t\t<div class=\"elementor-column-wrap elementor-element-populated\">\n\t\t\t\t\t\t\t<div class=\"elementor-widget-wrap\">\n\t\t\t\t\t\t<div class=\"elementor-element elementor-element-37f4a0e elementor-widget elementor-widget-spacer\" data-id=\"37f4a0e\" data-element_type=\"widget\" data-widget_type=\"spacer.default\">\n\t\t\t\t<div class=\"elementor-widget-container\">\n\t\t\t\t\t<div class=\"elementor-spacer\">\n\t\t\t<div class=\"elementor-spacer-inner\"><\/div>\n\t\t<\/div>\n\t\t\t\t<\/div>\n\t\t\t\t<\/div>\n\t\t\t\t<div class=\"elementor-element elementor-element-3fd0dcee lte-heading-style-default animated-slow elementor-invisible elementor-widget elementor-widget-lte-header\" data-id=\"3fd0dcee\" data-element_type=\"widget\" data-settings=\"{&quot;_animation&quot;:&quot;fadeIn&quot;,&quot;_animation_delay&quot;:300}\" data-widget_type=\"lte-header.default\">\n\t\t\t\t<div class=\"elementor-widget-container\">\n\t\t\t<div class=\"lte-heading lte-size-sm lte-style-default lte-color-main lte-subcolor-main heading-tag-h1 heading-subtag-h3\"><div class=\"lte-heading-content\"><h1 class=\"lte-header\"><span style=\"font-size:45px;line-height:1.3em !important\">COLOMBIA<\/span><br \/>\n<\/h1><\/div><\/div>\t\t<\/div>\n\t\t\t\t<\/div>\n\t\t\t\t<div class=\"elementor-element elementor-element-54261a87 elementor-widget__width-initial animated-slow elementor-widget-tablet__width-auto elementor-invisible elementor-widget elementor-widget-text-editor\" data-id=\"54261a87\" data-element_type=\"widget\" data-settings=\"{&quot;_animation&quot;:&quot;fadeIn&quot;,&quot;_animation_delay&quot;:600}\" data-widget_type=\"text-editor.default\">\n\t\t\t\t<div class=\"elementor-widget-container\">\n\t\t\t<style>\/*! elementor - v3.10.0 - 09-01-2023 *\/\n.elementor-widget-text-editor.elementor-drop-cap-view-stacked .elementor-drop-cap{background-color:#818a91;color:#fff}.elementor-widget-text-editor.elementor-drop-cap-view-framed .elementor-drop-cap{color:#818a91;border:3px solid;background-color:transparent}.elementor-widget-text-editor:not(.elementor-drop-cap-view-default) .elementor-drop-cap{margin-top:8px}.elementor-widget-text-editor:not(.elementor-drop-cap-view-default) .elementor-drop-cap-letter{width:1em;height:1em}.elementor-widget-text-editor .elementor-drop-cap{float:left;text-align:center;line-height:1;font-size:50px}.elementor-widget-text-editor .elementor-drop-cap-letter{display:inline-block}<\/style>\t\t\t\t\t<div class=\"elementor-text-editor elementor-clearfix\">\n\t\t\t\t<p>AROMATIC AND WILD<\/p>\t\t\t\t\t<\/div>\n\t\t\t\t\t\t<\/div>\n\t\t\t\t<\/div>\n\t\t\t\t<div class=\"elementor-element elementor-element-3e300834 elementor-widget__width-initial animated-slow elementor-invisible elementor-widget elementor-widget-text-editor\" data-id=\"3e300834\" data-element_type=\"widget\" data-settings=\"{&quot;_animation&quot;:&quot;fadeIn&quot;,&quot;_animation_delay&quot;:600}\" data-widget_type=\"text-editor.default\">\n\t\t\t\t<div class=\"elementor-widget-container\">\n\t\t\t\t\t\t\t\t<div class=\"elementor-text-editor elementor-clearfix\">\n\t\t\t\t<p><span class=\"color-white\">COLUMBIA BOLD transports us to the wealth of its origins, to the smells and aromas of the Andes and its deep bond with the land. Careful harvesting of these beans adds to an authentic and striking flavour and a satisfying experience.<br \/>It is a rich coffee with citrus notes and is 100% Columbian Arabica in origin.<\/span><\/p><p><span class=\"color-white\">The choice is yours.<br \/>Where does your espresso take you?<\/span><\/p>\t\t\t\t\t<\/div>\n\t\t\t\t\t\t<\/div>\n\t\t\t\t<\/div>\n\t\t\t\t<div class=\"elementor-element elementor-element-e01bfcd elementor-widget elementor-widget-spacer\" data-id=\"e01bfcd\" data-element_type=\"widget\" data-widget_type=\"spacer.default\">\n\t\t\t\t<div class=\"elementor-widget-container\">\n\t\t\t\t\t<div class=\"elementor-spacer\">\n\t\t\t<div class=\"elementor-spacer-inner\"><\/div>\n\t\t<\/div>\n\t\t\t\t<\/div>\n\t\t\t\t<\/div>\n\t\t\t\t<div class=\"elementor-element elementor-element-5fd1878 elementor-hidden-desktop elementor-hidden-tablet elementor-hidden-mobile elementor-widget elementor-widget-spacer\" data-id=\"5fd1878\" data-element_type=\"widget\" data-widget_type=\"spacer.default\">\n\t\t\t\t<div class=\"elementor-widget-container\">\n\t\t\t\t\t<div class=\"elementor-spacer\">\n\t\t\t<div class=\"elementor-spacer-inner\"><\/div>\n\t\t<\/div>\n\t\t\t\t<\/div>\n\t\t\t\t<\/div>\n\t\t\t\t<section class=\"elementor-section elementor-inner-section elementor-element elementor-element-2bd3601 elementor-section-full_width elementor-section-height-default elementor-section-height-default\" data-id=\"2bd3601\" data-element_type=\"section\">\n\t\t\t\t\t\t<div class=\"elementor-container elementor-column-gap-no\">\n\t\t\t\t\t\t\t<div class=\"elementor-row\">\n\t\t\t\t\t<div class=\"elementor-column elementor-col-33 elementor-inner-column elementor-element elementor-element-a8da15b\" data-id=\"a8da15b\" data-element_type=\"column\">\n\t\t\t<div class=\"elementor-column-wrap elementor-element-populated\">\n\t\t\t\t\t\t\t<div class=\"elementor-widget-wrap\">\n\t\t\t\t\t\t<div class=\"elementor-element elementor-element-e374b0c animated-slow elementor-invisible elementor-widget elementor-widget-image\" data-id=\"e374b0c\" data-element_type=\"widget\" data-settings=\"{&quot;_animation&quot;:&quot;fadeIn&quot;,&quot;_animation_delay&quot;:600}\" data-widget_type=\"image.default\">\n\t\t\t\t<div class=\"elementor-widget-container\">\n\t\t\t<style>\/*! elementor - v3.10.0 - 09-01-2023 *\/\n.elementor-widget-image{text-align:center}.elementor-widget-image a{display:inline-block}.elementor-widget-image a img[src$=\".svg\"]{width:48px}.elementor-widget-image img{vertical-align:middle;display:inline-block}<\/style>\t\t\t\t\t<div class=\"elementor-image\">\n\t\t\t\t\t\t\t\t\t\t\t\t<img decoding=\"async\" width=\"200\" height=\"150\" src=\"https:\/\/bold-espresso.com\/wp-content\/uploads\/2021\/09\/Intensidade-9.svg\" class=\"attachment-full size-full wp-image-17401\" alt=\"\" loading=\"lazy\" \/>\t\t\t\t\t\t\t\t\t\t\t\t\t\t<\/div>\n\t\t\t\t\t\t<\/div>\n\t\t\t\t<\/div>\n\t\t\t\t<div class=\"elementor-element elementor-element-a1153fd animated-slow elementor-absolute elementor-invisible elementor-widget elementor-widget-text-editor\" data-id=\"a1153fd\" data-element_type=\"widget\" data-settings=\"{&quot;_animation&quot;:&quot;fadeIn&quot;,&quot;_animation_delay&quot;:600,&quot;_position&quot;:&quot;absolute&quot;}\" data-widget_type=\"text-editor.default\">\n\t\t\t\t<div class=\"elementor-widget-container\">\n\t\t\t\t\t\t\t\t<div class=\"elementor-text-editor elementor-clearfix\">\n\t\t\t\t<p><span class=\"color-white\" style=\"font-size: 8pt;\">Intensity<\/span><\/p>\t\t\t\t\t<\/div>\n\t\t\t\t\t\t<\/div>\n\t\t\t\t<\/div>\n\t\t\t\t\t\t<\/div>\n\t\t\t\t\t<\/div>\n\t\t<\/div>\n\t\t\t\t<div class=\"elementor-column elementor-col-66 elementor-inner-column elementor-element elementor-element-de53713\" data-id=\"de53713\" data-element_type=\"column\">\n\t\t\t<div class=\"elementor-column-wrap elementor-element-populated\">\n\t\t\t\t\t\t\t<div class=\"elementor-widget-wrap\">\n\t\t\t\t\t\t<div class=\"elementor-element elementor-element-dca6e14 elementor-widget__width-auto elementor-invisible elementor-widget elementor-widget-lte-button\" data-id=\"dca6e14\" data-element_type=\"widget\" data-settings=\"{&quot;_animation&quot;:&quot;fadeInDown&quot;}\" data-widget_type=\"lte-button.default\">\n\t\t\t\t<div class=\"elementor-widget-container\">\n\t\t\t<div class=\"lte-btn-wrap\">\r\n\t<a href=\"https:\/\/bold-espresso.com\/en\/lojas\/\"  class=\"lte-btn btn-xs color-hover-white\"><span class=\"lte-btn-inner\"><span class=\"lte-btn-before\"><\/span>COMPRAR ONLINE<span class=\"lte-btn-after\"><\/span><\/span><\/a><\/div>\t\t<\/div>\n\t\t\t\t<\/div>\n\t\t\t\t<div class=\"elementor-element elementor-element-b1fa6ae elementor-widget__width-auto elementor-invisible elementor-widget elementor-widget-lte-button\" data-id=\"b1fa6ae\" data-element_type=\"widget\" data-settings=\"{&quot;_animation&quot;:&quot;fadeInDown&quot;}\" data-widget_type=\"lte-button.default\">\n\t\t\t\t<div class=\"elementor-widget-container\">\n\t\t\t<div class=\"lte-btn-wrap\">\r\n\t<a href=\"https:\/\/bold-espresso.com\/en\/lojas\/#mapa-loja\"  class=\"lte-btn btn-xs color-hover-white\"><span class=\"lte-btn-inner\"><span class=\"lte-btn-before\"><\/span>PROCURAR LOJA<span class=\"lte-btn-after\"><\/span><\/span><\/a><\/div>\t\t<\/div>\n\t\t\t\t<\/div>\n\t\t\t\t\t\t<\/div>\n\t\t\t\t\t<\/div>\n\t\t<\/div>\n\t\t\t\t\t\t\t\t<\/div>\n\t\t\t\t\t<\/div>\n\t\t<\/section>\n\t\t\t\t\t\t<\/div>\n\t\t\t\t\t<\/div>\n\t\t<\/div>\n\t\t\t\t<div class=\"elementor-column elementor-col-50 elementor-inner-column elementor-element elementor-element-56f2ef8\" data-id=\"56f2ef8\" data-element_type=\"column\" data-settings=\"{&quot;background_background&quot;:&quot;classic&quot;}\">\n\t\t\t<div class=\"elementor-column-wrap elementor-element-populated\">\n\t\t\t\t\t<div class=\"elementor-background-overlay\"><\/div>\n\t\t\t\t\t\t\t<div class=\"elementor-widget-wrap\">\n\t\t\t\t\t\t<div class=\"elementor-element elementor-element-a36a1e0 elementor-invisible elementor-widget elementor-widget-image\" data-id=\"a36a1e0\" data-element_type=\"widget\" data-settings=\"{&quot;_animation&quot;:&quot;fadeInUp&quot;,&quot;_animation_delay&quot;:600}\" data-widget_type=\"image.default\">\n\t\t\t\t<div class=\"elementor-widget-container\">\n\t\t\t\t\t\t\t\t<div class=\"elementor-image\">\n\t\t\t\t\t\t\t\t\t\t\t\t<img decoding=\"async\" width=\"726\" height=\"726\" src=\"https:\/\/bold-espresso.com\/wp-content\/uploads\/2021\/09\/colombia-cafe-caps-bold.png\" class=\"attachment-full size-full wp-image-17277\" alt=\"\" loading=\"lazy\" srcset=\"https:\/\/bold-espresso.com\/wp-content\/uploads\/2021\/09\/colombia-cafe-caps-bold.png 726w, https:\/\/bold-espresso.com\/wp-content\/uploads\/2021\/09\/colombia-cafe-caps-bold-300x300.png 300w, https:\/\/bold-espresso.com\/wp-content\/uploads\/2021\/09\/colombia-cafe-caps-bold-150x150.png 150w, https:\/\/bold-espresso.com\/wp-content\/uploads\/2021\/09\/colombia-cafe-caps-bold-530x530.png 530w, https:\/\/bold-espresso.com\/wp-content\/uploads\/2021\/09\/colombia-cafe-caps-bold-140x140.png 140w, https:\/\/bold-espresso.com\/wp-content\/uploads\/2021\/09\/colombia-cafe-caps-bold-110x110.png 110w, https:\/\/bold-espresso.com\/wp-content\/uploads\/2021\/09\/colombia-cafe-caps-bold-315x315.png 315w, https:\/\/bold-espresso.com\/wp-content\/uploads\/2021\/09\/colombia-cafe-caps-bold-480x480.png 480w, https:\/\/bold-espresso.com\/wp-content\/uploads\/2021\/09\/colombia-cafe-caps-bold-600x600.png 600w, https:\/\/bold-espresso.com\/wp-content\/uploads\/2021\/09\/colombia-cafe-caps-bold-100x100.png 100w\" sizes=\"(max-width: 726px) 100vw, 726px\" \/>\t\t\t\t\t\t\t\t\t\t\t\t\t\t<\/div>\n\t\t\t\t\t\t<\/div>\n\t\t\t\t<\/div>\n\t\t\t\t\t\t<\/div>\n\t\t\t\t\t<\/div>\n\t\t<\/div>\n\t\t\t\t\t\t\t\t<\/div>\n\t\t\t\t\t<\/div>\n\t\t<\/section>\n\t\t\t\t\t\t<\/div>\n\t\t\t\t\t<\/div>\n\t\t<\/div>\n\t\t\t\t\t\t\t\t<\/div>\n\t\t\t\t\t<\/div>\n\t\t<\/section>\n\t\t\t\t\t\t\t\t\t<\/div>\n\t\t\t<\/div>\n\t\t\t\t\t<\/div>","protected":false},"excerpt":{"rendered":"<p>COL\u00d4MBIA AROM\u00c1TICO E SELVAGEM BOLD COL\u00d4MBIA transporta-nos \u00e0 riqueza da sua origem, aos cheiros e aromas dos Andes e \u00e0 sua forte liga\u00e7\u00e3o \u00e0 terra. \u00c0 experi\u00eancia de quem colhe criteriosamente os gr\u00e3os que fazem com que este espresso tenha um sabor aut\u00eantico e marcante.\u00c9 um caf\u00e9 rico, de notas c\u00edtricas e origem 100% Ar\u00e1bica [&hellip;]<\/p>","protected":false},"author":2,"featured_media":0,"parent":0,"menu_order":0,"comment_status":"closed","ping_status":"closed","template":"page-templates\/full-width.php","meta":[],"_links":{"self":[{"href":"https:\/\/bold-espresso.com\/en\/wp-json\/wp\/v2\/pages\/20391"}],"collection":[{"href":"https:\/\/bold-espresso.com\/en\/wp-json\/wp\/v2\/pages"}],"about":[{"href":"https:\/\/bold-espresso.com\/en\/wp-json\/wp\/v2\/types\/page"}],"author":[{"embeddable":true,"href":"https:\/\/bold-espresso.com\/en\/wp-json\/wp\/v2\/users\/2"}],"replies":[{"embeddable":true,"href":"https:\/\/bold-espresso.com\/en\/wp-json\/wp\/v2\/comments?post=20391"}],"version-history":[{"count":0,"href":"https:\/\/bold-espresso.com\/en\/wp-json\/wp\/v2\/pages\/20391\/revisions"}],"wp:attachment":[{"href":"https:\/\/bold-espresso.com\/en\/wp-json\/wp\/v2\/media?parent=20391"}],"curies":[{"name":"wp","href":"https:\/\/api.w.org\/{rel}","templated":true}]}}